{"id":277,"date":"2021-02-11T16:46:21","date_gmt":"2021-02-11T16:46:21","guid":{"rendered":"http:\/\/abadl-rowater.ro\/?page_id=233"},"modified":"2021-02-12T20:43:26","modified_gmt":"2021-02-12T20:43:26","slug":"legislatie-internationala","status":"publish","type":"page","link":"https:\/\/dobrogea-litoral.rowater.ro\/?page_id=277","title":{"rendered":"Legisla\u021bie interna\u021bional\u0103"},"content":{"rendered":"<p>[vc_row][vc_column][vc_column_text]<\/p>\n<ul>\n<li><a href=\"https:\/\/eur-lex.europa.eu\/legal-content\/RO\/TXT\/?uri=CELEX%3A32007L0060\">Directiva 2007\/60\/CE a Parlamentului European \u0219i a Consiliului din 23 octombrie 2007 privind evaluarea \u0219i gestionarea riscurilor de inunda\u021bii;<\/a><\/li>\n<li><a href=\"https:\/\/eur-lex.europa.eu\/legal-content\/RO\/LSU\/?uri=celex:32000L0060\">Directiva Cadru Ap\u0103 2000\/60\/CE de stabilire a unui cadru de politic\u0103 comunitar\u0103 \u00een domeniul apei;<\/a><\/li>\n<\/ul>\n<p>[\/vc_column_text][\/vc_column][\/vc_row]<\/p>\n","protected":false},"excerpt":{"rendered":"<p>[vc_row][vc_column][vc_column_text] Directiva 2007\/60\/CE a Parlamentului European \u0219i a Consiliului din 23 octombrie 2007 privind evaluarea \u0219i gestionarea riscurilor de inunda\u021bii; Directiva Cadru Ap\u0103 2000\/60\/CE de stabilire a unui cadru de\u2026<\/p>\n","protected":false},"author":1,"featured_media":0,"parent":227,"menu_order":0,"comment_status":"closed","ping_status":"closed","template":"","meta":{"footnotes":""},"class_list":["post-277","page","type-page","status-publish","hentry"],"_links":{"self":[{"href":"https:\/\/dobrogea-litoral.rowater.ro\/index.php?rest_route=\/wp\/v2\/pages\/277","targetHints":{"allow":["GET"]}}],"collection":[{"href":"https:\/\/dobrogea-litoral.rowater.ro\/index.php?rest_route=\/wp\/v2\/pages"}],"about":[{"href":"https:\/\/dobrogea-litoral.rowater.ro\/index.php?rest_route=\/wp\/v2\/types\/page"}],"author":[{"embeddable":true,"href":"https:\/\/dobrogea-litoral.rowater.ro\/index.php?rest_route=\/wp\/v2\/users\/1"}],"replies":[{"embeddable":true,"href":"https:\/\/dobrogea-litoral.rowater.ro\/index.php?rest_route=%2Fwp%2Fv2%2Fcomments&post=277"}],"version-history":[{"count":1,"href":"https:\/\/dobrogea-litoral.rowater.ro\/index.php?rest_route=\/wp\/v2\/pages\/277\/revisions"}],"predecessor-version":[{"id":695,"href":"https:\/\/dobrogea-litoral.rowater.ro\/index.php?rest_route=\/wp\/v2\/pages\/277\/revisions\/695"}],"up":[{"embeddable":true,"href":"https:\/\/dobrogea-litoral.rowater.ro\/index.php?rest_route=\/wp\/v2\/pages\/227"}],"wp:attachment":[{"href":"https:\/\/dobrogea-litoral.rowater.ro\/index.php?rest_route=%2Fwp%2Fv2%2Fmedia&parent=277"}],"curies":[{"name":"wp","href":"https:\/\/api.w.org\/{rel}","templated":true}]}}